{"id":156,"date":"2015-03-10T15:16:35","date_gmt":"2015-03-10T14:16:35","guid":{"rendered":"http:\/\/carstudio.at\/?page_id=156"},"modified":"2018-10-17T17:22:04","modified_gmt":"2018-10-17T15:22:04","slug":"services","status":"publish","type":"page","link":"https:\/\/carstudio.at\/?page_id=156","title":{"rendered":"Services"},"content":{"rendered":"<div class=\"fusion-title title\"><h1 class=\"title-heading-left\">Services<\/h1><div class=\"title-sep-container\"><div class=\"title-sep sep-single\"><\/div><\/div><\/div><div class=\"fusion-flip-boxes flip-boxes row fusion-columns-3\"><div class=\"fusion-flip-box-wrapper col-lg-4 col-md-4 col-sm-4\"><div class=\"fusion-flip-box\"><div class=\"flip-box-inner-wrapper\"><div class=\"flip-box-front\" style=\"background-color:#f4f4f4;border-color:transparent;border-radius:4px;border-style:solid;border-width:1px;color:#747474;\"><div class=\"flip-box-front-inner\"><div class=\"flip-box-grafix flip-box-circle\" style=\"background-color:#f4f4f4;border-color:#000000;\"><i class=\"fa fa-refresh fusion-animated\" style=\"color:#bc1518;\" data-animationType=\"fadeInDown\" data-animationDuration=\"1\"><\/i><\/div><h2 class=\"flip-box-heading without-text\" style=\"color:#333333;\">Reifenwechsel<\/h2><\/div><\/div><div class=\"flip-box-back\" style=\"background-color:#bc1518;border-color:transparent;border-radius:4px;border-style:solid;border-width:1px;color:#ffffff;\"><div class=\"flip-box-back-inner\">Mit unserer Hilfe sind Sie zu jeder Jahreszeit sicher auf der Stra\u00dfe unterwegs.<\/div><\/div><\/div><\/div><\/div><div class=\"fusion-flip-box-wrapper col-lg-4 col-md-4 col-sm-4\"><div class=\"fusion-flip-box\"><div class=\"flip-box-inner-wrapper\"><div class=\"flip-box-front\" style=\"background-color:#f4f4f4;border-color:transparent;border-radius:4px;border-style:solid;border-width:1px;color:#747474;\"><div class=\"flip-box-front-inner\"><div class=\"flip-box-grafix flip-box-circle\" style=\"background-color:#f4f4f4;border-color:#000000;\"><i class=\"fa fa-database fusion-animated\" style=\"color:#bc1518;\" data-animationType=\"fadeInDown\" data-animationDuration=\"1\"><\/i><\/div><h2 class=\"flip-box-heading without-text\" style=\"color:#333333;\">Reifendepot<\/h2><\/div><\/div><div class=\"flip-box-back\" style=\"background-color:#bc1518;border-color:transparent;border-radius:4px;border-style:solid;border-width:1px;color:#ffffff;\"><div class=\"flip-box-back-inner\">Lassen Sie uns Ihre R\u00e4der bis zum n\u00e4chsten Reifenwechsel aufbewahren &#8211; so haben Sie keine Umst\u00e4nde damit.<\/div><\/div><\/div><\/div><\/div><div class=\"fusion-flip-box-wrapper col-lg-4 col-md-4 col-sm-4\"><div class=\"fusion-flip-box\"><div class=\"flip-box-inner-wrapper\"><div class=\"flip-box-front\" style=\"background-color:#f4f4f4;border-color:transparent;border-radius:4px;border-style:solid;border-width:1px;color:#747474;\"><div class=\"flip-box-front-inner\"><div class=\"flip-box-grafix flip-box-circle\" style=\"background-color:#f4f4f4;border-color:#000000;\"><i class=\"fa fa-arrow-circle-o-up fusion-animated\" style=\"color:#bc1518;\" data-animationType=\"fadeInDown\" data-animationDuration=\"1\"><\/i><\/div><h2 class=\"flip-box-heading without-text\" style=\"color:#333333;\">Reifenverkauf<\/h2><\/div><\/div><div class=\"flip-box-back\" style=\"background-color:#bc1518;border-color:transparent;border-radius:4px;border-style:solid;border-width:1px;color:#ffffff;\"><div class=\"flip-box-back-inner\">Ihre alten R\u00e4der sind abgefahren? Kein Problem: bei uns bekommen sie nagelneue Reifen namhafter Markenhersteller.<\/div><\/div><\/div><\/div><\/div><\/div><div class=\"fusion-clearfix\"><\/div><div class=\"fusion-flip-boxes flip-boxes row fusion-columns-3\"><div class=\"fusion-flip-box-wrapper col-lg-4 col-md-4 col-sm-4\"><div class=\"fusion-flip-box\"><div class=\"flip-box-inner-wrapper\"><div class=\"flip-box-front\" style=\"background-color:#f4f4f4;border-color:transparent;border-radius:4px;border-style:solid;border-width:1px;color:#747474;\"><div class=\"flip-box-front-inner\"><div class=\"flip-box-grafix flip-box-circle\" style=\"background-color:#f4f4f4;border-color:#000000;\"><i class=\"fa fa-magic fusion-animated\" style=\"color:#bc1518;\" data-animationType=\"fadeInDown\" data-animationDuration=\"1\"><\/i><\/div><h2 class=\"flip-box-heading without-text\" style=\"color:#333333;\">Steinschlagreparatur<\/h2><\/div><\/div><div class=\"flip-box-back\" style=\"background-color:#bc1518;border-color:transparent;border-radius:4px;border-style:solid;border-width:1px;color:#ffffff;\"><div class=\"flip-box-back-inner\">Wir reparieren den unliebsamen Glasschaden sofort und ohne lange Wartezeit.<\/div><\/div><\/div><\/div><\/div><div class=\"fusion-flip-box-wrapper col-lg-4 col-md-4 col-sm-4\"><div class=\"fusion-flip-box\"><div class=\"flip-box-inner-wrapper\"><div class=\"flip-box-front\" style=\"background-color:#f4f4f4;border-color:transparent;border-radius:4px;border-style:solid;border-width:1px;color:#747474;\"><div class=\"flip-box-front-inner\"><div class=\"flip-box-grafix flip-box-circle\" style=\"background-color:#f4f4f4;border-color:#000000;\"><i class=\"fa fa-calendar fusion-animated\" style=\"color:#bc1518;\" data-animationType=\"fadeInDown\" data-animationDuration=\"1\"><\/i><\/div><h2 class=\"flip-box-heading without-text\" style=\"color:#333333;\">Servicetermine f\u00fcr alle Marken<\/h2><\/div><\/div><div class=\"flip-box-back\" style=\"background-color:#bc1518;border-color:transparent;border-radius:4px;border-style:solid;border-width:1px;color:#ffffff;\"><div class=\"flip-box-back-inner\">Wir f\u00fchren Ihren wiederkehrenden Servicetermin durch und f\u00fchren Ihr Serviceheft.<\/div><\/div><\/div><\/div><\/div><div class=\"fusion-flip-box-wrapper col-lg-4 col-md-4 col-sm-4\"><div class=\"fusion-flip-box\"><div class=\"flip-box-inner-wrapper\"><div class=\"flip-box-front\" style=\"background-color:#f4f4f4;border-color:transparent;border-radius:4px;border-style:solid;border-width:1px;color:#747474;\"><div class=\"flip-box-front-inner\"><div class=\"flip-box-grafix flip-box-circle\" style=\"background-color:#f4f4f4;border-color:#000000;\"><i class=\"fa fa-check-square-o fusion-animated\" style=\"color:#bc1518;\" data-animationType=\"fadeInDown\" data-animationDuration=\"1\"><\/i><\/div><h2 class=\"flip-box-heading without-text\" style=\"color:#333333;\">Scheibentausch<\/h2><\/div><\/div><div class=\"flip-box-back\" style=\"background-color:#bc1518;border-color:transparent;border-radius:4px;border-style:solid;border-width:1px;color:#ffffff;\"><div class=\"flip-box-back-inner\">Bei uns k\u00f6nnen Sie die Glasscheiben Ihres Fahrzeuges tauschen lassen.<\/div><\/div><\/div><\/div><\/div><\/div><div class=\"fusion-clearfix\"><\/div><div class=\"fusion-flip-boxes flip-boxes row fusion-columns-3\"><div class=\"fusion-flip-box-wrapper col-lg-4 col-md-4 col-sm-4\"><div class=\"fusion-flip-box\"><div class=\"flip-box-inner-wrapper\"><div class=\"flip-box-front\" style=\"background-color:#f4f4f4;border-color:transparent;border-radius:4px;border-style:solid;border-width:1px;color:#747474;\"><div class=\"flip-box-front-inner\"><div class=\"flip-box-grafix flip-box-circle\" style=\"background-color:#f4f4f4;border-color:#000000;\"><i class=\"fa fa-arrow-circle-o-down fusion-animated\" style=\"color:#bc1518;\" data-animationType=\"fadeInDown\" data-animationDuration=\"1\"><\/i><\/div><h2 class=\"flip-box-heading without-text\" style=\"color:#333333;\">Fehlerdiagnose<\/h2><\/div><\/div><div class=\"flip-box-back\" style=\"background-color:#bc1518;border-color:transparent;border-radius:4px;border-style:solid;border-width:1px;color:#ffffff;\"><div class=\"flip-box-back-inner\">Mithilfe von hochmodernen elektrischen KFZ-Testger\u00e4ten mit Internetanbindung werden Fehlerzust\u00e4nde im Fahrzeug identifiziert und korrigiert.<\/div><\/div><\/div><\/div><\/div><div class=\"fusion-flip-box-wrapper col-lg-4 col-md-4 col-sm-4\"><div class=\"fusion-flip-box\"><div class=\"flip-box-inner-wrapper\"><div class=\"flip-box-front\" style=\"background-color:#f4f4f4;border-color:transparent;border-radius:4px;border-style:solid;border-width:1px;color:#747474;\"><div class=\"flip-box-front-inner\"><div class=\"flip-box-grafix flip-box-circle\" style=\"background-color:#f4f4f4;border-color:#000000;\"><i class=\"fa fa-refresh fusion-animated\" style=\"color:#bc1518;\" data-animationType=\"fadeInDown\" data-animationDuration=\"1\"><\/i><\/div><h2 class=\"flip-box-heading without-text\" style=\"color:#333333;\">Versicherungsschaden Abwicklung<\/h2><\/div><\/div><div class=\"flip-box-back\" style=\"background-color:#bc1518;border-color:transparent;border-radius:4px;border-style:solid;border-width:1px;color:#ffffff;\"><div class=\"flip-box-back-inner\">Im Falle eines Versicherungsschadens \u00fcbernehmen wir die komplette Abwicklung inklusive Datenbeschaffung und Formalit\u00e4ten &#8211; so m\u00fcssen Sie sich um nichts k\u00fcmmern.<\/div><\/div><\/div><\/div><\/div><div class=\"fusion-flip-box-wrapper col-lg-4 col-md-4 col-sm-4\"><div class=\"fusion-flip-box\"><div class=\"flip-box-inner-wrapper\"><div class=\"flip-box-front\" style=\"background-color:#f4f4f4;border-color:transparent;border-radius:4px;border-style:solid;border-width:1px;color:#747474;\"><div class=\"flip-box-front-inner\"><div class=\"flip-box-grafix flip-box-circle\" style=\"background-color:#f4f4f4;border-color:#000000;\"><i class=\"fa fa-car fusion-animated\" style=\"color:#bc1518;\" data-animationType=\"fadeInDown\" data-animationDuration=\"1\"><\/i><\/div><h2 class=\"flip-box-heading without-text\" style=\"color:#333333;\">\u00a757a-Begutachtung (Pickerl)<\/h2><\/div><\/div><div class=\"flip-box-back\" style=\"background-color:#bc1518;border-color:transparent;border-radius:4px;border-style:solid;border-width:1px;color:#ffffff;\"><div class=\"flip-box-back-inner\">Wir bringen Ihr Fahrzeug f\u00fcr die bevorstehende \u00a757a-Begutachtung auf den entsprechenden Sicherheitstechnischen Standard.<\/div><\/div><\/div><\/div><\/div><\/div><div class=\"fusion-clearfix\"><\/div><div class=\"fusion-flip-boxes flip-boxes row fusion-columns-3\"><div class=\"fusion-flip-box-wrapper col-lg-4 col-md-4 col-sm-4\"><div class=\"fusion-flip-box\"><div class=\"flip-box-inner-wrapper\"><div class=\"flip-box-front\" style=\"background-color:#f4f4f4;border-color:transparent;border-radius:4px;border-style:solid;border-width:1px;color:#747474;\"><div class=\"flip-box-front-inner\"><div class=\"flip-box-grafix flip-box-circle\" style=\"background-color:#f4f4f4;border-color:#000000;\"><i class=\"fa fa-arrows-alt fusion-animated\" style=\"color:#bc1518;\" data-animationType=\"fadeInDown\" data-animationDuration=\"1\"><\/i><\/div><h2 class=\"flip-box-heading without-text\" style=\"color:#333333;\">3D Achsvermessung<\/h2><\/div><\/div><div class=\"flip-box-back\" style=\"background-color:#bc1518;border-color:transparent;border-radius:4px;border-style:solid;border-width:1px;color:#ffffff;\"><div class=\"flip-box-back-inner\"><\/div><\/div><\/div><\/div><\/div><div class=\"fusion-flip-box-wrapper col-lg-4 col-md-4 col-sm-4\"><div class=\"fusion-flip-box\"><div class=\"flip-box-inner-wrapper\"><div class=\"flip-box-front\" style=\"background-color:#f4f4f4;border-color:transparent;border-radius:4px;border-style:solid;border-width:1px;color:#747474;\"><div class=\"flip-box-front-inner\"><div class=\"flip-box-grafix flip-box-circle\" style=\"background-color:#f4f4f4;border-color:#000000;\"><i class=\"fa fa-cog fusion-animated\" style=\"color:#bc1518;\" data-animationType=\"fadeInDown\" data-animationDuration=\"1\"><\/i><\/div><h2 class=\"flip-box-heading without-text\" style=\"color:#333333;\">Lichteinstellung<\/h2><\/div><\/div><div class=\"flip-box-back\" style=\"background-color:#bc1518;border-color:transparent;border-radius:4px;border-style:solid;border-width:1px;color:#ffffff;\"><div class=\"flip-box-back-inner\"><\/div><\/div><\/div><\/div><\/div><div class=\"fusion-flip-box-wrapper col-lg-4 col-md-4 col-sm-4\"><div class=\"fusion-flip-box\"><div class=\"flip-box-inner-wrapper\"><div class=\"flip-box-front\" style=\"background-color:#f4f4f4;border-color:transparent;border-radius:4px;border-style:solid;border-width:1px;color:#747474;\"><div class=\"flip-box-front-inner\"><div class=\"flip-box-grafix flip-box-circle\" style=\"background-color:#f4f4f4;border-color:#000000;\"><i class=\"fa fa-gavel fusion-animated\" style=\"color:#bc1518;\" data-animationType=\"fadeInDown\" data-animationDuration=\"1\"><\/i><\/div><h2 class=\"flip-box-heading without-text\" style=\"color:#333333;\">Spenglerei<\/h2><\/div><\/div><div class=\"flip-box-back\" style=\"background-color:#bc1518;border-color:transparent;border-radius:4px;border-style:solid;border-width:1px;color:#ffffff;\"><div class=\"flip-box-back-inner\"><\/div><\/div><\/div><\/div><\/div><\/div><div class=\"fusion-clearfix\"><\/div><div class=\"fusion-flip-boxes flip-boxes row fusion-columns-3\"><div class=\"fusion-flip-box-wrapper col-lg-4 col-md-4 col-sm-4\"><div class=\"fusion-flip-box\"><div class=\"flip-box-inner-wrapper\"><div class=\"flip-box-front\" style=\"background-color:#f4f4f4;border-color:transparent;border-radius:4px;border-style:solid;border-width:1px;color:#747474;\"><div class=\"flip-box-front-inner\"><div class=\"flip-box-grafix flip-box-circle\" style=\"background-color:#f4f4f4;border-color:#000000;\"><i class=\"fa fa-flask fusion-animated\" style=\"color:#bc1518;\" data-animationType=\"fadeInDown\" data-animationDuration=\"1\"><\/i><\/div><h2 class=\"flip-box-heading without-text\" style=\"color:#333333;\">Lackiererei<\/h2><\/div><\/div><div class=\"flip-box-back\" style=\"background-color:#bc1518;border-color:transparent;border-radius:4px;border-style:solid;border-width:1px;color:#ffffff;\"><div class=\"flip-box-back-inner\"><\/div><\/div><\/div><\/div><\/div><\/div><div class=\"fusion-clearfix\"><\/div>\n","protected":false},"excerpt":{"rendered":"","protected":false},"author":1,"featured_media":0,"parent":0,"menu_order":0,"comment_status":"open","ping_status":"open","template":"","meta":[],"_links":{"self":[{"href":"https:\/\/carstudio.at\/index.php?rest_route=\/wp\/v2\/pages\/156"}],"collection":[{"href":"https:\/\/carstudio.at\/index.php?rest_route=\/wp\/v2\/pages"}],"about":[{"href":"https:\/\/carstudio.at\/index.php?rest_route=\/wp\/v2\/types\/page"}],"author":[{"embeddable":true,"href":"https:\/\/carstudio.at\/index.php?rest_route=\/wp\/v2\/users\/1"}],"replies":[{"embeddable":true,"href":"https:\/\/carstudio.at\/index.php?rest_route=%2Fwp%2Fv2%2Fcomments&post=156"}],"version-history":[{"count":18,"href":"https:\/\/carstudio.at\/index.php?rest_route=\/wp\/v2\/pages\/156\/revisions"}],"predecessor-version":[{"id":507,"href":"https:\/\/carstudio.at\/index.php?rest_route=\/wp\/v2\/pages\/156\/revisions\/507"}],"wp:attachment":[{"href":"https:\/\/carstudio.at\/index.php?rest_route=%2Fwp%2Fv2%2Fmedia&parent=156"}],"curies":[{"name":"wp","href":"https:\/\/api.w.org\/{rel}","templated":true}]}}